{"id":392,"date":"2023-09-08T09:33:48","date_gmt":"2023-09-08T07:33:48","guid":{"rendered":"https:\/\/konberbi.com\/?page_id=392"},"modified":"2024-01-10T11:06:34","modified_gmt":"2024-01-10T09:06:34","slug":"armairu-elektrikoak","status":"publish","type":"page","link":"https:\/\/konberbi.com\/eu\/automatizazio-industriala\/armairu-elektrikoak\/","title":{"rendered":"Armairu elektrikoak"},"content":{"rendered":"<p>Maniobra elektrikoak muntatzen ditugu, bezero bakoitzaren zehaztapenak kontuan hartuta.<\/p>\n","protected":false},"excerpt":{"rendered":"<p>Maniobra elektrikoak muntatzen ditugu, bezero bakoitzaren zehaztapenak kontuan hartuta.<\/p>\n","protected":false},"author":1,"featured_media":0,"parent":197,"menu_order":0,"comment_status":"closed","ping_status":"closed","template":"template-zerbitzu-orria.php","meta":{"_acf_changed":false,"footnotes":""},"class_list":["post-392","page","type-page","status-publish","hentry"],"acf":[],"yoast_head":"<!-- This site is optimized with the Yoast SEO plugin v26.0 - https:\/\/yoast.com\/wordpress\/plugins\/seo\/ -->\n<title>Armairu elektrikoak | Retrofitting | KONBERBI | Gipuzkoa<\/title>\n<meta name=\"description\" content=\"Ingenieros cualificados se encargar\u00e1n del estudio y ejecuci\u00f3n de los proyectos de automatizaci\u00f3n de m\u00e1quinas, Retrofitting, montaje de maniobras el\u00e9ctricas.\" \/>\n<meta name=\"robots\" content=\"index, follow, max-snippet:-1, max-image-preview:large, max-video-preview:-1\" \/>\n<link rel=\"canonical\" href=\"https:\/\/konberbi.com\/eu\/automatizazio-industriala\/armairu-elektrikoak\/\" \/>\n<meta property=\"og:locale\" content=\"eu_ES\" \/>\n<meta property=\"og:type\" content=\"article\" \/>\n<meta property=\"og:title\" content=\"Armairu elektrikoak | Retrofitting | KONBERBI | Gipuzkoa\" \/>\n<meta property=\"og:description\" content=\"Ingenieros cualificados se encargar\u00e1n del estudio y ejecuci\u00f3n de los proyectos de automatizaci\u00f3n de m\u00e1quinas, Retrofitting, montaje de maniobras el\u00e9ctricas.\" \/>\n<meta property=\"og:url\" content=\"https:\/\/konberbi.com\/eu\/automatizazio-industriala\/armairu-elektrikoak\/\" \/>\n<meta property=\"og:site_name\" content=\"Automatizaci\u00f3n de maquinaria Konberbi\" \/>\n<meta property=\"article:modified_time\" content=\"2024-01-10T09:06:34+00:00\" \/>\n<meta name=\"twitter:card\" content=\"summary_large_image\" \/>\n<meta name=\"twitter:label1\" content=\"Est. reading time\" \/>\n\t<meta name=\"twitter:data1\" content=\"1 minute\" \/>\n<script type=\"application\/ld+json\" class=\"yoast-schema-graph\">{\"@context\":\"https:\/\/schema.org\",\"@graph\":[{\"@type\":\"WebPage\",\"@id\":\"https:\/\/konberbi.com\/eu\/automatizazio-industriala\/armairu-elektrikoak\/\",\"url\":\"https:\/\/konberbi.com\/eu\/automatizazio-industriala\/armairu-elektrikoak\/\",\"name\":\"Armairu elektrikoak | Retrofitting | KONBERBI | Gipuzkoa\",\"isPartOf\":{\"@id\":\"https:\/\/konberbi.com\/eu\/#website\"},\"datePublished\":\"2023-09-08T07:33:48+00:00\",\"dateModified\":\"2024-01-10T09:06:34+00:00\",\"description\":\"Ingenieros cualificados se encargar\u00e1n del estudio y ejecuci\u00f3n de los proyectos de automatizaci\u00f3n de m\u00e1quinas, Retrofitting, montaje de maniobras el\u00e9ctricas.\",\"breadcrumb\":{\"@id\":\"https:\/\/konberbi.com\/eu\/automatizazio-industriala\/armairu-elektrikoak\/#breadcrumb\"},\"inLanguage\":\"eu-ES\",\"potentialAction\":[{\"@type\":\"ReadAction\",\"target\":[\"https:\/\/konberbi.com\/eu\/automatizazio-industriala\/armairu-elektrikoak\/\"]}]},{\"@type\":\"BreadcrumbList\",\"@id\":\"https:\/\/konberbi.com\/eu\/automatizazio-industriala\/armairu-elektrikoak\/#breadcrumb\",\"itemListElement\":[{\"@type\":\"ListItem\",\"position\":1,\"name\":\"Home\",\"item\":\"https:\/\/konberbi.com\/eu\/\"},{\"@type\":\"ListItem\",\"position\":2,\"name\":\"Automatizazio Industriala\",\"item\":\"https:\/\/konberbi.com\/eu\/automatizazio-industriala\/\"},{\"@type\":\"ListItem\",\"position\":3,\"name\":\"Armairu elektrikoak\"}]},{\"@type\":\"WebSite\",\"@id\":\"https:\/\/konberbi.com\/eu\/#website\",\"url\":\"https:\/\/konberbi.com\/eu\/\",\"name\":\"Automatizaci\u00f3n de maquinaria Konberbi\",\"description\":\"Electricidad industrial y dom\u00e9stica\",\"publisher\":{\"@id\":\"https:\/\/konberbi.com\/eu\/#organization\"},\"potentialAction\":[{\"@type\":\"SearchAction\",\"target\":{\"@type\":\"EntryPoint\",\"urlTemplate\":\"https:\/\/konberbi.com\/eu\/?s={search_term_string}\"},\"query-input\":{\"@type\":\"PropertyValueSpecification\",\"valueRequired\":true,\"valueName\":\"search_term_string\"}}],\"inLanguage\":\"eu-ES\"},{\"@type\":\"Organization\",\"@id\":\"https:\/\/konberbi.com\/eu\/#organization\",\"name\":\"Konberbi\",\"url\":\"https:\/\/konberbi.com\/eu\/\",\"logo\":{\"@type\":\"ImageObject\",\"inLanguage\":\"eu-ES\",\"@id\":\"https:\/\/konberbi.com\/eu\/#\/schema\/logo\/image\/\",\"url\":\"https:\/\/konberbi.com\/wp-content\/uploads\/2023\/04\/konberbi_logoa.png\",\"contentUrl\":\"https:\/\/konberbi.com\/wp-content\/uploads\/2023\/04\/konberbi_logoa.png\",\"width\":211,\"height\":68,\"caption\":\"Konberbi\"},\"image\":{\"@id\":\"https:\/\/konberbi.com\/eu\/#\/schema\/logo\/image\/\"}}]}<\/script>\n<!-- \/ Yoast SEO plugin. -->","yoast_head_json":{"title":"Armairu elektrikoak | Retrofitting | KONBERBI | Gipuzkoa","description":"Ingenieros cualificados se encargar\u00e1n del estudio y ejecuci\u00f3n de los proyectos de automatizaci\u00f3n de m\u00e1quinas, Retrofitting, montaje de maniobras el\u00e9ctricas.","robots":{"index":"index","follow":"follow","max-snippet":"max-snippet:-1","max-image-preview":"max-image-preview:large","max-video-preview":"max-video-preview:-1"},"canonical":"https:\/\/konberbi.com\/eu\/automatizazio-industriala\/armairu-elektrikoak\/","og_locale":"eu_ES","og_type":"article","og_title":"Armairu elektrikoak | Retrofitting | KONBERBI | Gipuzkoa","og_description":"Ingenieros cualificados se encargar\u00e1n del estudio y ejecuci\u00f3n de los proyectos de automatizaci\u00f3n de m\u00e1quinas, Retrofitting, montaje de maniobras el\u00e9ctricas.","og_url":"https:\/\/konberbi.com\/eu\/automatizazio-industriala\/armairu-elektrikoak\/","og_site_name":"Automatizaci\u00f3n de maquinaria Konberbi","article_modified_time":"2024-01-10T09:06:34+00:00","twitter_card":"summary_large_image","twitter_misc":{"Est. reading time":"1 minute"},"schema":{"@context":"https:\/\/schema.org","@graph":[{"@type":"WebPage","@id":"https:\/\/konberbi.com\/eu\/automatizazio-industriala\/armairu-elektrikoak\/","url":"https:\/\/konberbi.com\/eu\/automatizazio-industriala\/armairu-elektrikoak\/","name":"Armairu elektrikoak | Retrofitting | KONBERBI | Gipuzkoa","isPartOf":{"@id":"https:\/\/konberbi.com\/eu\/#website"},"datePublished":"2023-09-08T07:33:48+00:00","dateModified":"2024-01-10T09:06:34+00:00","description":"Ingenieros cualificados se encargar\u00e1n del estudio y ejecuci\u00f3n de los proyectos de automatizaci\u00f3n de m\u00e1quinas, Retrofitting, montaje de maniobras el\u00e9ctricas.","breadcrumb":{"@id":"https:\/\/konberbi.com\/eu\/automatizazio-industriala\/armairu-elektrikoak\/#breadcrumb"},"inLanguage":"eu-ES","potentialAction":[{"@type":"ReadAction","target":["https:\/\/konberbi.com\/eu\/automatizazio-industriala\/armairu-elektrikoak\/"]}]},{"@type":"BreadcrumbList","@id":"https:\/\/konberbi.com\/eu\/automatizazio-industriala\/armairu-elektrikoak\/#breadcrumb","itemListElement":[{"@type":"ListItem","position":1,"name":"Home","item":"https:\/\/konberbi.com\/eu\/"},{"@type":"ListItem","position":2,"name":"Automatizazio Industriala","item":"https:\/\/konberbi.com\/eu\/automatizazio-industriala\/"},{"@type":"ListItem","position":3,"name":"Armairu elektrikoak"}]},{"@type":"WebSite","@id":"https:\/\/konberbi.com\/eu\/#website","url":"https:\/\/konberbi.com\/eu\/","name":"Automatizaci\u00f3n de maquinaria Konberbi","description":"Electricidad industrial y dom\u00e9stica","publisher":{"@id":"https:\/\/konberbi.com\/eu\/#organization"},"potentialAction":[{"@type":"SearchAction","target":{"@type":"EntryPoint","urlTemplate":"https:\/\/konberbi.com\/eu\/?s={search_term_string}"},"query-input":{"@type":"PropertyValueSpecification","valueRequired":true,"valueName":"search_term_string"}}],"inLanguage":"eu-ES"},{"@type":"Organization","@id":"https:\/\/konberbi.com\/eu\/#organization","name":"Konberbi","url":"https:\/\/konberbi.com\/eu\/","logo":{"@type":"ImageObject","inLanguage":"eu-ES","@id":"https:\/\/konberbi.com\/eu\/#\/schema\/logo\/image\/","url":"https:\/\/konberbi.com\/wp-content\/uploads\/2023\/04\/konberbi_logoa.png","contentUrl":"https:\/\/konberbi.com\/wp-content\/uploads\/2023\/04\/konberbi_logoa.png","width":211,"height":68,"caption":"Konberbi"},"image":{"@id":"https:\/\/konberbi.com\/eu\/#\/schema\/logo\/image\/"}}]}},"_links":{"self":[{"href":"https:\/\/konberbi.com\/eu\/wp-json\/wp\/v2\/pages\/392","targetHints":{"allow":["GET"]}}],"collection":[{"href":"https:\/\/konberbi.com\/eu\/wp-json\/wp\/v2\/pages"}],"about":[{"href":"https:\/\/konberbi.com\/eu\/wp-json\/wp\/v2\/types\/page"}],"author":[{"embeddable":true,"href":"https:\/\/konberbi.com\/eu\/wp-json\/wp\/v2\/users\/1"}],"replies":[{"embeddable":true,"href":"https:\/\/konberbi.com\/eu\/wp-json\/wp\/v2\/comments?post=392"}],"version-history":[{"count":3,"href":"https:\/\/konberbi.com\/eu\/wp-json\/wp\/v2\/pages\/392\/revisions"}],"predecessor-version":[{"id":463,"href":"https:\/\/konberbi.com\/eu\/wp-json\/wp\/v2\/pages\/392\/revisions\/463"}],"up":[{"embeddable":true,"href":"https:\/\/konberbi.com\/eu\/wp-json\/wp\/v2\/pages\/197"}],"wp:attachment":[{"href":"https:\/\/konberbi.com\/eu\/wp-json\/wp\/v2\/media?parent=392"}],"curies":[{"name":"wp","href":"https:\/\/api.w.org\/{rel}","templated":true}]}}